{"id":2467,"date":"2021-06-25T16:07:46","date_gmt":"2021-06-25T16:07:46","guid":{"rendered":"https:\/\/volvoautos.pe\/accesorios\/producto\/parasol-parabrisas-xc60-copy\/"},"modified":"2026-03-16T17:22:31","modified_gmt":"2026-03-16T17:22:31","slug":"parasol-parabrisas-xc40","status":"publish","type":"product","link":"https:\/\/volvoautos.pe\/accesorios\/producto\/parasol-parabrisas-xc40\/","title":{"rendered":"Parasol parabrisas XC40"},"content":{"rendered":"","protected":false},"excerpt":{"rendered":"<p>Con un parasol en el parabrisas, su autom\u00f3vil mantendr\u00e1 una temperatura m\u00e1s fresca los d\u00edas calurosos. Asimismo impedir\u00e1 que los rayos del sol calienten el habit\u00e1culo, manteniendo una temperatura m\u00e1s agradable tanto del aire como del equipamiento interior en los d\u00edas de mucho calor. Adem\u00e1s, al proteger el veh\u00edculo de la luz directa del sol, el parasol contribuye a preservar los colores del interior del autom\u00f3vil.<\/p>\n","protected":false},"featured_media":2507,"comment_status":"closed","ping_status":"closed","template":"","meta":{"_acf_changed":false,"inline_featured_image":false},"product_brand":[],"product_cat":[207,172],"product_tag":[194],"class_list":{"0":"post-2467","1":"product","2":"type-product","3":"status-publish","4":"has-post-thumbnail","6":"product_cat-parasol","7":"product_cat-proteccion-y-cuidado","8":"product_tag-xc40","10":"first","11":"instock","12":"shipping-taxable","13":"purchasable","14":"product-type-simple"},"acf":[],"_links":{"self":[{"href":"https:\/\/volvoautos.pe\/accesorios\/wp-json\/wp\/v2\/product\/2467","targetHints":{"allow":["GET"]}}],"collection":[{"href":"https:\/\/volvoautos.pe\/accesorios\/wp-json\/wp\/v2\/product"}],"about":[{"href":"https:\/\/volvoautos.pe\/accesorios\/wp-json\/wp\/v2\/types\/product"}],"replies":[{"embeddable":true,"href":"https:\/\/volvoautos.pe\/accesorios\/wp-json\/wp\/v2\/comments?post=2467"}],"wp:featuredmedia":[{"embeddable":true,"href":"https:\/\/volvoautos.pe\/accesorios\/wp-json\/wp\/v2\/media\/2507"}],"wp:attachment":[{"href":"https:\/\/volvoautos.pe\/accesorios\/wp-json\/wp\/v2\/media?parent=2467"}],"wp:term":[{"taxonomy":"product_brand","embeddable":true,"href":"https:\/\/volvoautos.pe\/accesorios\/wp-json\/wp\/v2\/product_brand?post=2467"},{"taxonomy":"product_cat","embeddable":true,"href":"https:\/\/volvoautos.pe\/accesorios\/wp-json\/wp\/v2\/product_cat?post=2467"},{"taxonomy":"product_tag","embeddable":true,"href":"https:\/\/volvoautos.pe\/accesorios\/wp-json\/wp\/v2\/product_tag?post=2467"}],"curies":[{"name":"wp","href":"https:\/\/api.w.org\/{rel}","templated":true}]}}