{"id":2518,"date":"2021-08-16T20:45:06","date_gmt":"2021-08-16T20:45:06","guid":{"rendered":"https:\/\/volvoautos.pe\/accesorios\/producto\/cofre-de-techo-expansible-xc90-copy\/"},"modified":"2026-03-16T17:46:22","modified_gmt":"2026-03-16T17:46:22","slug":"cofre-de-techo-premium-xc90","status":"publish","type":"product","link":"https:\/\/volvoautos.pe\/accesorios\/producto\/cofre-de-techo-premium-xc90\/","title":{"rendered":"Cofre de techo premium"},"content":{"rendered":"","protected":false},"excerpt":{"rendered":"<p>Space Design es un moderno, exclusivo y aerodin\u00e1mico cofre de techo que gracias a su dise\u00f1o \u00fanico, ofrece una m\u00ednima resistencia al aire.<\/p>\n","protected":false},"featured_media":2534,"comment_status":"closed","ping_status":"closed","template":"","meta":{"_acf_changed":false,"inline_featured_image":false},"product_brand":[],"product_cat":[161,165],"product_tag":[195],"class_list":{"0":"post-2518","1":"product","2":"type-product","3":"status-publish","4":"has-post-thumbnail","6":"product_cat-carga-y-conveniencia","7":"product_cat-caja-de-carga","8":"product_tag-xc90","10":"first","11":"instock","12":"shipping-taxable","13":"purchasable","14":"product-type-simple"},"acf":[],"_links":{"self":[{"href":"https:\/\/volvoautos.pe\/accesorios\/wp-json\/wp\/v2\/product\/2518","targetHints":{"allow":["GET"]}}],"collection":[{"href":"https:\/\/volvoautos.pe\/accesorios\/wp-json\/wp\/v2\/product"}],"about":[{"href":"https:\/\/volvoautos.pe\/accesorios\/wp-json\/wp\/v2\/types\/product"}],"replies":[{"embeddable":true,"href":"https:\/\/volvoautos.pe\/accesorios\/wp-json\/wp\/v2\/comments?post=2518"}],"wp:featuredmedia":[{"embeddable":true,"href":"https:\/\/volvoautos.pe\/accesorios\/wp-json\/wp\/v2\/media\/2534"}],"wp:attachment":[{"href":"https:\/\/volvoautos.pe\/accesorios\/wp-json\/wp\/v2\/media?parent=2518"}],"wp:term":[{"taxonomy":"product_brand","embeddable":true,"href":"https:\/\/volvoautos.pe\/accesorios\/wp-json\/wp\/v2\/product_brand?post=2518"},{"taxonomy":"product_cat","embeddable":true,"href":"https:\/\/volvoautos.pe\/accesorios\/wp-json\/wp\/v2\/product_cat?post=2518"},{"taxonomy":"product_tag","embeddable":true,"href":"https:\/\/volvoautos.pe\/accesorios\/wp-json\/wp\/v2\/product_tag?post=2518"}],"curies":[{"name":"wp","href":"https:\/\/api.w.org\/{rel}","templated":true}]}}