{"id":2524,"date":"2021-08-16T22:05:48","date_gmt":"2021-08-16T22:05:48","guid":{"rendered":"https:\/\/volvoautos.pe\/accesorios\/?post_type=product&#038;p=2524"},"modified":"2026-03-16T17:27:14","modified_gmt":"2026-03-16T17:27:14","slug":"protector-de-motor-xc40","status":"publish","type":"product","link":"https:\/\/volvoautos.pe\/accesorios\/producto\/protector-de-motor-xc40\/","title":{"rendered":"Protector de motor"},"content":{"rendered":"","protected":false},"excerpt":{"rendered":"<p><span data-sheets-value=\"{&quot;1&quot;:2,&quot;2&quot;:&quot;Protege el motor, el c\u00e1rter de aceite y la caja de cambios de los golpes durante la conducci\u00f3n en condiciones dif\u00edciles, por ejemplo, si la calzada tiene baches y hondonadas. La placa de aluminio de cobertura total protege tambi\u00e9n de los impactos de piedras sueltas, etc.&quot;}\" data-sheets-userformat=\"{&quot;2&quot;:14847,&quot;3&quot;:{&quot;1&quot;:0,&quot;3&quot;:1},&quot;4&quot;:{&quot;1&quot;:2,&quot;2&quot;:16777215},&quot;5&quot;:{&quot;1&quot;:[{&quot;1&quot;:2,&quot;2&quot;:0,&quot;5&quot;:{&quot;1&quot;:2,&quot;2&quot;:0}},{&quot;1&quot;:0,&quot;2&quot;:0,&quot;3&quot;:3},{&quot;1&quot;:1,&quot;2&quot;:0,&quot;4&quot;:1}]},&quot;6&quot;:{&quot;1&quot;:[{&quot;1&quot;:2,&quot;2&quot;:0,&quot;5&quot;:{&quot;1&quot;:0}},{&quot;1&quot;:0,&quot;2&quot;:0,&quot;3&quot;:3},{&quot;1&quot;:1,&quot;2&quot;:0,&quot;4&quot;:1}]},&quot;7&quot;:{&quot;1&quot;:[{&quot;1&quot;:2,&quot;2&quot;:0,&quot;5&quot;:{&quot;1&quot;:2,&quot;2&quot;:0}},{&quot;1&quot;:0,&quot;2&quot;:0,&quot;3&quot;:3},{&quot;1&quot;:1,&quot;2&quot;:0,&quot;4&quot;:1}]},&quot;8&quot;:{&quot;1&quot;:[{&quot;1&quot;:2,&quot;2&quot;:0,&quot;5&quot;:{&quot;1&quot;:2,&quot;2&quot;:0}},{&quot;1&quot;:0,&quot;2&quot;:0,&quot;3&quot;:3},{&quot;1&quot;:1,&quot;2&quot;:0,&quot;4&quot;:1}]},&quot;9&quot;:0,&quot;10&quot;:0,&quot;11&quot;:4,&quot;14&quot;:{&quot;1&quot;:2,&quot;2&quot;:0},&quot;15&quot;:&quot;Open Sans&quot;,&quot;16&quot;:9}\">Protege el motor, el c\u00e1rter de aceite y la caja de cambios de los golpes durante la conducci\u00f3n en condiciones dif\u00edciles, por ejemplo, si la calzada tiene baches y hondonadas. La placa de aluminio de cobertura total protege tambi\u00e9n de los impactos de piedras sueltas, etc.<\/span><\/p>\n","protected":false},"featured_media":2538,"comment_status":"closed","ping_status":"closed","template":"","meta":{"_acf_changed":false,"inline_featured_image":false},"product_brand":[],"product_cat":[172],"product_tag":[194],"class_list":{"0":"post-2524","1":"product","2":"type-product","3":"status-publish","4":"has-post-thumbnail","6":"product_cat-proteccion-y-cuidado","7":"product_tag-xc40","9":"first","10":"instock","11":"shipping-taxable","12":"purchasable","13":"product-type-simple"},"acf":[],"_links":{"self":[{"href":"https:\/\/volvoautos.pe\/accesorios\/wp-json\/wp\/v2\/product\/2524","targetHints":{"allow":["GET"]}}],"collection":[{"href":"https:\/\/volvoautos.pe\/accesorios\/wp-json\/wp\/v2\/product"}],"about":[{"href":"https:\/\/volvoautos.pe\/accesorios\/wp-json\/wp\/v2\/types\/product"}],"replies":[{"embeddable":true,"href":"https:\/\/volvoautos.pe\/accesorios\/wp-json\/wp\/v2\/comments?post=2524"}],"wp:featuredmedia":[{"embeddable":true,"href":"https:\/\/volvoautos.pe\/accesorios\/wp-json\/wp\/v2\/media\/2538"}],"wp:attachment":[{"href":"https:\/\/volvoautos.pe\/accesorios\/wp-json\/wp\/v2\/media?parent=2524"}],"wp:term":[{"taxonomy":"product_brand","embeddable":true,"href":"https:\/\/volvoautos.pe\/accesorios\/wp-json\/wp\/v2\/product_brand?post=2524"},{"taxonomy":"product_cat","embeddable":true,"href":"https:\/\/volvoautos.pe\/accesorios\/wp-json\/wp\/v2\/product_cat?post=2524"},{"taxonomy":"product_tag","embeddable":true,"href":"https:\/\/volvoautos.pe\/accesorios\/wp-json\/wp\/v2\/product_tag?post=2524"}],"curies":[{"name":"wp","href":"https:\/\/api.w.org\/{rel}","templated":true}]}}