{"id":2669,"date":"2023-03-30T14:54:13","date_gmt":"2023-03-30T14:54:13","guid":{"rendered":"https:\/\/volvoautos.pe\/accesorios\/?post_type=product&#038;p=2669"},"modified":"2026-03-16T18:04:35","modified_gmt":"2026-03-16T18:04:35","slug":"jgo-pisos-de-goma-xc60","status":"publish","type":"product","link":"https:\/\/volvoautos.pe\/accesorios\/producto\/jgo-pisos-de-goma-xc60\/","title":{"rendered":"Juego de pisos de goma"},"content":{"rendered":"<p><span style=\"font-weight: 400;\">(No aplica para modelos plug in hybrid y Twin Engine)<\/span><\/p>\n","protected":false},"excerpt":{"rendered":"<p>Las alfombras son f\u00e1ciles de colocar y encajan a la perfecci\u00f3n en el piso. Se extraen f\u00e1cilmente del veh\u00edculo para su limpieza y pueden enjuagarse con agua.<\/p>\n","protected":false},"featured_media":2792,"comment_status":"closed","ping_status":"closed","template":"","meta":{"_acf_changed":false,"inline_featured_image":false},"product_brand":[],"product_cat":[172,173],"product_tag":[193],"class_list":{"0":"post-2669","1":"product","2":"type-product","3":"status-publish","4":"has-post-thumbnail","6":"product_cat-proteccion-y-cuidado","7":"product_cat-pisos-de-jebe","8":"product_tag-xc60","10":"first","11":"instock","12":"shipping-taxable","13":"purchasable","14":"product-type-simple"},"acf":[],"_links":{"self":[{"href":"https:\/\/volvoautos.pe\/accesorios\/wp-json\/wp\/v2\/product\/2669","targetHints":{"allow":["GET"]}}],"collection":[{"href":"https:\/\/volvoautos.pe\/accesorios\/wp-json\/wp\/v2\/product"}],"about":[{"href":"https:\/\/volvoautos.pe\/accesorios\/wp-json\/wp\/v2\/types\/product"}],"replies":[{"embeddable":true,"href":"https:\/\/volvoautos.pe\/accesorios\/wp-json\/wp\/v2\/comments?post=2669"}],"wp:featuredmedia":[{"embeddable":true,"href":"https:\/\/volvoautos.pe\/accesorios\/wp-json\/wp\/v2\/media\/2792"}],"wp:attachment":[{"href":"https:\/\/volvoautos.pe\/accesorios\/wp-json\/wp\/v2\/media?parent=2669"}],"wp:term":[{"taxonomy":"product_brand","embeddable":true,"href":"https:\/\/volvoautos.pe\/accesorios\/wp-json\/wp\/v2\/product_brand?post=2669"},{"taxonomy":"product_cat","embeddable":true,"href":"https:\/\/volvoautos.pe\/accesorios\/wp-json\/wp\/v2\/product_cat?post=2669"},{"taxonomy":"product_tag","embeddable":true,"href":"https:\/\/volvoautos.pe\/accesorios\/wp-json\/wp\/v2\/product_tag?post=2669"}],"curies":[{"name":"wp","href":"https:\/\/api.w.org\/{rel}","templated":true}]}}